{"id":2381,"date":"2023-10-29T17:45:09","date_gmt":"2023-10-29T16:45:09","guid":{"rendered":"https:\/\/succseeds.disruptia.es\/news\/"},"modified":"2025-10-29T13:03:16","modified_gmt":"2025-10-29T12:03:16","slug":"news","status":"publish","type":"page","link":"https:\/\/succseeds.disruptia.es\/es\/news\/","title":{"rendered":"Noticias"},"content":{"rendered":"\t\t<div data-elementor-type=\"wp-page\" data-elementor-id=\"2381\" class=\"elementor elementor-2381 elementor-30\">\n\t\t\t\t\t\t<section class=\"elementor-section elementor-top-section elementor-element elementor-element-482739f elementor-section-height-min-height elementor-section-boxed elementor-section-height-default elementor-section-items-middle wpr-particle-no wpr-jarallax-no wpr-parallax-no wpr-sticky-section-no wpr-equal-height-no\" data-id=\"482739f\" data-element_type=\"section\" data-e-type=\"section\" data-settings=\"{&quot;background_background&quot;:&quot;classic&quot;}\">\n\t\t\t\t\t\t\t<div class=\"elementor-background-overlay\"><\/div>\n\t\t\t\t\t\t\t<div class=\"elementor-container elementor-column-gap-default\">\n\t\t\t\t\t<div class=\"elementor-column elementor-col-100 elementor-top-column elementor-element elementor-element-bddd31c\" data-id=\"bddd31c\" data-element_type=\"column\" data-e-type=\"column\">\n\t\t\t<div class=\"elementor-widget-wrap elementor-element-populated\">\n\t\t\t\t\t\t<div class=\"elementor-element elementor-element-7ecc199 elementor-widget elementor-widget-heading\" data-id=\"7ecc199\" data-element_type=\"widget\" data-e-type=\"widget\" data-widget_type=\"heading.default\">\n\t\t\t\t<div class=\"elementor-widget-container\">\n\t\t\t\t\t<h2 class=\"elementor-heading-title elementor-size-default\">Noticias<\/h2>\t\t\t\t<\/div>\n\t\t\t\t<\/div>\n\t\t\t\t<div class=\"elementor-element elementor-element-e2eac50 elementor-widget elementor-widget-text-editor\" data-id=\"e2eac50\" data-element_type=\"widget\" data-e-type=\"widget\" data-widget_type=\"text-editor.default\">\n\t\t\t\t<div class=\"elementor-widget-container\">\n\t\t\t\t\t\t\t\t\t<p>SUCCSEEDS<\/p>\t\t\t\t\t\t\t\t<\/div>\n\t\t\t\t<\/div>\n\t\t\t\t\t<\/div>\n\t\t<\/div>\n\t\t\t\t\t<\/div>\n\t\t<\/section>\n\t\t<div class=\"elementor-element elementor-element-2bb99d1 e-flex e-con-boxed wpr-particle-no wpr-jarallax-no wpr-parallax-no wpr-sticky-section-no wpr-equal-height-no elementor-invisible e-con e-parent\" data-id=\"2bb99d1\" data-element_type=\"container\" data-e-type=\"container\" data-settings=\"{&quot;animation&quot;:&quot;fadeInUp&quot;}\">\n\t\t\t\t\t<div class=\"e-con-inner\">\n\t\t\t\t<div class=\"elementor-element elementor-element-ba08fde wpr-grid-columns--mobile1 wpr-grid-columns--tablet2 elementor-widget-tablet__width-inherit elementor-widget-mobile__width-initial wpr-grid-columns-3 wpr-grid-pagination-center wpr-item-styles-inner elementor-widget elementor-widget-wpr-grid\" data-id=\"ba08fde\" data-element_type=\"widget\" data-e-type=\"widget\" data-widget_type=\"wpr-grid.default\">\n\t\t\t\t<div class=\"elementor-widget-container\">\n\t\t\t\t\t<ul class=\"wpr-grid-filters elementor-clearfix wpr-grid-filters-sep-right\"><li class=\" wpr-pointer-none wpr-pointer-line-fx wpr-pointer-fx-none\"><span  data-filter=\"*\" class=\"wpr-grid-filters-item wpr-active-filter \">All Posts<\/span><em class=\"wpr-grid-filters-sep\"><\/em><\/li><li class=\" wpr-pointer-none wpr-pointer-line-fx wpr-pointer-fx-none\"><span   data-ajax-filter=[\"category\",\"sin-categorizar\"]  data-filter=\".category-sin-categorizar\">Sin categorizar<\/span><em class=\"wpr-grid-filters-sep\"><\/em><\/li><\/ul><section class=\"wpr-grid elementor-clearfix\" data-settings=\"{&quot;layout&quot;:&quot;fitRows&quot;,&quot;stick_last_element_to_bottom&quot;:&quot;&quot;,&quot;columns_desktop&quot;:3,&quot;gutter_hr&quot;:25,&quot;gutter_hr_mobile&quot;:-20,&quot;gutter_hr_mobile_extra&quot;:20,&quot;gutter_hr_tablet&quot;:20,&quot;gutter_hr_tablet_extra&quot;:25,&quot;gutter_hr_laptop&quot;:25,&quot;gutter_hr_widescreen&quot;:25,&quot;gutter_vr&quot;:0,&quot;gutter_vr_mobile&quot;:40,&quot;gutter_vr_mobile_extra&quot;:20,&quot;gutter_vr_tablet&quot;:20,&quot;gutter_vr_tablet_extra&quot;:0,&quot;gutter_vr_laptop&quot;:0,&quot;gutter_vr_widescreen&quot;:0,&quot;animation&quot;:&quot;default&quot;,&quot;animation_duration&quot;:0.3,&quot;animation_delay&quot;:0.1,&quot;deeplinking&quot;:&quot;&quot;,&quot;filters_linkable&quot;:&quot;no&quot;,&quot;filters_default_filter&quot;:&quot;&quot;,&quot;filters_count&quot;:&quot;&quot;,&quot;filters_hide_empty&quot;:&quot;no&quot;,&quot;filters_animation&quot;:&quot;default&quot;,&quot;filters_animation_duration&quot;:0.3,&quot;filters_animation_delay&quot;:0.1,&quot;pagination_type&quot;:&quot;load-more&quot;,&quot;pagination_max_pages&quot;:1,&quot;lightbox&quot;:{&quot;selector&quot;:&quot;.wpr-grid-image-wrap&quot;,&quot;iframeMaxWidth&quot;:&quot;60%&quot;,&quot;hash&quot;:false,&quot;autoplay&quot;:&quot;true&quot;,&quot;pause&quot;:5000,&quot;progressBar&quot;:&quot;true&quot;,&quot;counter&quot;:&quot;true&quot;,&quot;controls&quot;:&quot;true&quot;,&quot;getCaptionFromTitleOrAlt&quot;:&quot;true&quot;,&quot;thumbnail&quot;:&quot;&quot;,&quot;showThumbByDefault&quot;:&quot;&quot;,&quot;share&quot;:&quot;&quot;,&quot;zoom&quot;:&quot;true&quot;,&quot;fullScreen&quot;:&quot;true&quot;,&quot;download&quot;:&quot;true&quot;}}\" data-advanced-filters=\"no\"><article class=\"wpr-grid-item elementor-clearfix post-2370 post type-post status-publish format-standard has-post-thumbnail hentry category-sin-categorizar\"><div class=\"wpr-grid-item-inner\"><div class=\"wpr-grid-media-wrap wpr-effect-size-medium \" data-overlay-link=\"yes\"><div class=\"wpr-grid-image-wrap\" data-src=\"https:\/\/succseeds.disruptia.es\/wp-content\/uploads\/2025\/10\/News_01-scaled.jpg\" data-img-on-hover=\"\"  data-src-secondary=\"\"><img decoding=\"async\" data-no-lazy=\"1\" src=\"https:\/\/succseeds.disruptia.es\/wp-content\/uploads\/2025\/10\/News_01-scaled.jpg\" alt=\"Women works in a garden. Mother with adult daughter near home\" class=\"wpr-anim-timing-ease-default\"><\/div><div class=\"wpr-grid-media-hover wpr-animation-wrap\"><div class=\"wpr-grid-media-hover-bg  wpr-overlay-fade-in wpr-anim-size-large wpr-anim-timing-ease-default wpr-anim-transparency\" data-url=\"https:\/\/succseeds.disruptia.es\/es\/community-gardens-for-social-inclusion\/\"><\/div><\/div><\/div><div class=\"wpr-grid-item-below-content elementor-clearfix\"><h2 class=\"wpr-grid-item-title elementor-repeater-item-c7205ec wpr-grid-item-display-block wpr-grid-item-align-left wpr-pointer-none wpr-pointer-line-fx wpr-pointer-fx-fade\"><div class=\"inner-block\"><a target=\"_self\"  href=\"https:\/\/succseeds.disruptia.es\/es\/community-gardens-for-social-inclusion\/\">Jardines comunitarios para la inclusi\u00f3n social<\/a><\/div><\/h2><div class=\"wpr-grid-item-date elementor-repeater-item-728c7e0 wpr-grid-item-display-inline wpr-grid-item-align-left\"><div class=\"inner-block\"><span>16\/10\/2025<span class=\"wpr-grid-extra-text-right\"><\/span><\/span><\/div><\/div><div class=\"wpr-grid-item-excerpt elementor-repeater-item-402326c wpr-grid-item-display-block wpr-grid-item-align-left\"><div class=\"inner-block\"><p>Durante las \u00faltimas dos d\u00e9cadas, los jardines comunitarios han transformado silenciosamente muchas ciudades europeas.Han convertido terrenos vac\u00edos, azoteas y peque\u00f1os...<\/p><\/div><\/div><div class=\"wpr-grid-item-read-more elementor-repeater-item-2bfaae7 wpr-grid-item-display-block wpr-grid-item-align-left\"><div class=\"inner-block\"><a target=\"_self\" href=\"https:\/\/succseeds.disruptia.es\/es\/community-gardens-for-social-inclusion\/\" class=\"wpr-button-effect wpr-button-none\"><span>Leer M\u00e1s<\/span><\/a><\/div><\/div><\/div><\/div><\/article><article class=\"wpr-grid-item elementor-clearfix post-2372 post type-post status-publish format-standard has-post-thumbnail hentry category-sin-categorizar\"><div class=\"wpr-grid-item-inner\"><div class=\"wpr-grid-media-wrap wpr-effect-size-medium \" data-overlay-link=\"yes\"><div class=\"wpr-grid-image-wrap\" data-src=\"https:\/\/succseeds.disruptia.es\/wp-content\/uploads\/2025\/10\/News_02-scaled.jpg\" data-img-on-hover=\"\"  data-src-secondary=\"\"><img decoding=\"async\" data-no-lazy=\"1\" src=\"https:\/\/succseeds.disruptia.es\/wp-content\/uploads\/2025\/10\/News_02-scaled.jpg\" alt=\"Woman works in a garden. Family near home with vegetables\" class=\"wpr-anim-timing-ease-default\"><\/div><div class=\"wpr-grid-media-hover wpr-animation-wrap\"><div class=\"wpr-grid-media-hover-bg  wpr-overlay-fade-in wpr-anim-size-large wpr-anim-timing-ease-default wpr-anim-transparency\" data-url=\"https:\/\/succseeds.disruptia.es\/es\/community-gardens-food-production-and-sustainability-in-the-cities\/\"><\/div><\/div><\/div><div class=\"wpr-grid-item-below-content elementor-clearfix\"><h2 class=\"wpr-grid-item-title elementor-repeater-item-c7205ec wpr-grid-item-display-block wpr-grid-item-align-left wpr-pointer-none wpr-pointer-line-fx wpr-pointer-fx-fade\"><div class=\"inner-block\"><a target=\"_self\"  href=\"https:\/\/succseeds.disruptia.es\/es\/community-gardens-food-production-and-sustainability-in-the-cities\/\">Jardines comunitarios: producci\u00f3n de alimentos y sostenibilidad en las ciudades<\/a><\/div><\/h2><div class=\"wpr-grid-item-date elementor-repeater-item-728c7e0 wpr-grid-item-display-inline wpr-grid-item-align-left\"><div class=\"inner-block\"><span>10\/08\/2025<span class=\"wpr-grid-extra-text-right\"><\/span><\/span><\/div><\/div><div class=\"wpr-grid-item-excerpt elementor-repeater-item-402326c wpr-grid-item-display-block wpr-grid-item-align-left\"><div class=\"inner-block\"><p>Los jardines comunitarios producen verduras frescas, hierbas y frutas que complementan la dieta de los hogares, ofrecen experiencias educativas en...<\/p><\/div><\/div><div class=\"wpr-grid-item-read-more elementor-repeater-item-2bfaae7 wpr-grid-item-display-block wpr-grid-item-align-left\"><div class=\"inner-block\"><a target=\"_self\" href=\"https:\/\/succseeds.disruptia.es\/es\/community-gardens-food-production-and-sustainability-in-the-cities\/\" class=\"wpr-button-effect wpr-button-none\"><span>Leer M\u00e1s<\/span><\/a><\/div><\/div><\/div><\/div><\/article><article class=\"wpr-grid-item elementor-clearfix post-2374 post type-post status-publish format-standard has-post-thumbnail hentry category-sin-categorizar\"><div class=\"wpr-grid-item-inner\"><div class=\"wpr-grid-media-wrap wpr-effect-size-medium \" data-overlay-link=\"yes\"><div class=\"wpr-grid-image-wrap\" data-src=\"https:\/\/succseeds.disruptia.es\/wp-content\/uploads\/2025\/10\/News_03-scaled.jpg\" data-img-on-hover=\"\"  data-src-secondary=\"\"><img decoding=\"async\" data-no-lazy=\"1\" src=\"https:\/\/succseeds.disruptia.es\/wp-content\/uploads\/2025\/10\/News_03-scaled.jpg\" alt=\"Jardines comunitarios: ejemplos inspiradores en B\u00e9lgica, Espa\u00f1a, Noruega e Irlanda\" class=\"wpr-anim-timing-ease-default\"><\/div><div class=\"wpr-grid-media-hover wpr-animation-wrap\"><div class=\"wpr-grid-media-hover-bg  wpr-overlay-fade-in wpr-anim-size-large wpr-anim-timing-ease-default wpr-anim-transparency\" data-url=\"https:\/\/succseeds.disruptia.es\/es\/community-gardens-inspiring-examples-in-belgium-spain-norway-and-ireland\/\"><\/div><\/div><\/div><div class=\"wpr-grid-item-below-content elementor-clearfix\"><h2 class=\"wpr-grid-item-title elementor-repeater-item-c7205ec wpr-grid-item-display-block wpr-grid-item-align-left wpr-pointer-none wpr-pointer-line-fx wpr-pointer-fx-fade\"><div class=\"inner-block\"><a target=\"_self\"  href=\"https:\/\/succseeds.disruptia.es\/es\/community-gardens-inspiring-examples-in-belgium-spain-norway-and-ireland\/\">Jardines comunitarios: ejemplos inspiradores en B\u00e9lgica, Espa\u00f1a, Noruega e Irlanda<\/a><\/div><\/h2><div class=\"wpr-grid-item-date elementor-repeater-item-728c7e0 wpr-grid-item-display-inline wpr-grid-item-align-left\"><div class=\"inner-block\"><span>01\/06\/2025<span class=\"wpr-grid-extra-text-right\"><\/span><\/span><\/div><\/div><div class=\"wpr-grid-item-excerpt elementor-repeater-item-402326c wpr-grid-item-display-block wpr-grid-item-align-left\"><div class=\"inner-block\"><p>La asociaci\u00f3n Le Coin de Terre gestiona los jardines comunitarios de Lieja (B\u00e9lgica). Con sus 290 parcelas cultivables, el Coin...<\/p><\/div><\/div><div class=\"wpr-grid-item-read-more elementor-repeater-item-2bfaae7 wpr-grid-item-display-block wpr-grid-item-align-left\"><div class=\"inner-block\"><a target=\"_self\" href=\"https:\/\/succseeds.disruptia.es\/es\/community-gardens-inspiring-examples-in-belgium-spain-norway-and-ireland\/\" class=\"wpr-button-effect wpr-button-none\"><span>Leer M\u00e1s<\/span><\/a><\/div><\/div><\/div><\/div><\/article><\/section>\t\t\t\t<\/div>\n\t\t\t\t<\/div>\n\t\t\t\t\t<\/div>\n\t\t\t\t<\/div>\n\t\t\t\t<\/div>\n\t\t","protected":false},"excerpt":{"rendered":"<p>Noticias SUCCSEEDS All Posts Sin categorizar Jardines comunitarios para la inclusi\u00f3n social 16\/10\/2025 Durante las \u00faltimas dos d\u00e9cadas, los jardines comunitarios han transformado silenciosamente muchas ciudades europeas.Han convertido terrenos vac\u00edos, azoteas y peque\u00f1os&#8230; Leer M\u00e1s Jardines comunitarios: producci\u00f3n de alimentos y sostenibilidad en las ciudades 10\/08\/2025 Los jardines comunitarios producen verduras frescas, hierbas y frutas que complementan la dieta de los hogares, ofrecen experiencias educativas en&#8230; Leer M\u00e1s Jardines comunitarios: ejemplos inspiradores en B\u00e9lgica, Espa\u00f1a, Noruega e Irlanda 01\/06\/2025 La asociaci\u00f3n Le Coin de Terre gestiona los jardines comunitarios de Lieja (B\u00e9lgica). Con sus 290 parcelas cultivables, el Coin&#8230; Leer M\u00e1s<\/p>\n","protected":false},"author":1,"featured_media":0,"parent":0,"menu_order":0,"comment_status":"closed","ping_status":"closed","template":"elementor_header_footer","meta":{"footnotes":""},"class_list":["post-2381","page","type-page","status-publish","hentry"],"_links":{"self":[{"href":"https:\/\/succseeds.disruptia.es\/es\/wp-json\/wp\/v2\/pages\/2381","targetHints":{"allow":["GET"]}}],"collection":[{"href":"https:\/\/succseeds.disruptia.es\/es\/wp-json\/wp\/v2\/pages"}],"about":[{"href":"https:\/\/succseeds.disruptia.es\/es\/wp-json\/wp\/v2\/types\/page"}],"author":[{"embeddable":true,"href":"https:\/\/succseeds.disruptia.es\/es\/wp-json\/wp\/v2\/users\/1"}],"replies":[{"embeddable":true,"href":"https:\/\/succseeds.disruptia.es\/es\/wp-json\/wp\/v2\/comments?post=2381"}],"version-history":[{"count":4,"href":"https:\/\/succseeds.disruptia.es\/es\/wp-json\/wp\/v2\/pages\/2381\/revisions"}],"predecessor-version":[{"id":2488,"href":"https:\/\/succseeds.disruptia.es\/es\/wp-json\/wp\/v2\/pages\/2381\/revisions\/2488"}],"wp:attachment":[{"href":"https:\/\/succseeds.disruptia.es\/es\/wp-json\/wp\/v2\/media?parent=2381"}],"curies":[{"name":"wp","href":"https:\/\/api.w.org\/{rel}","templated":true}]}}